{"id":708,"date":"2022-08-25T14:58:27","date_gmt":"2022-08-25T12:58:27","guid":{"rendered":"https:\/\/dagochnatt.shop\/0760232700\/produkt\/angel-orhangen-silverstift\/"},"modified":"2022-08-25T14:58:27","modified_gmt":"2022-08-25T12:58:27","slug":"angel-orhangen-silverstift","status":"publish","type":"product","link":"https:\/\/dagochnatt.shop\/0760232700\/produkt\/angel-orhangen-silverstift\/","title":{"rendered":"\u00c4ngel, \u00f6rh\u00e4ngen, silverstift"},"content":{"rendered":"<p>Liten \u00e4ngel med vingar p\u00e5 stift. \u00c4kta silver.<\/p>\n","protected":false},"excerpt":{"rendered":"<p>\u00c4ngel, \u00f6rh\u00e4ngen, silverstift<\/p>\n","protected":false},"featured_media":707,"template":"","meta":{"site-sidebar-layout":"default","site-content-layout":"","ast-site-content-layout":"default","site-content-style":"default","site-sidebar-style":"default","ast-global-header-display":"","ast-banner-title-visibility":"","ast-main-header-display":"","ast-hfb-above-header-display":"","ast-hfb-below-header-display":"","ast-hfb-mobile-header-display":"","site-post-title":"","ast-breadcrumbs-content":"","ast-featured-img":"","footer-sml-layout":"","ast-disable-related-posts":"","theme-transparent-header-meta":"","adv-header-id-meta":"","stick-header-meta":"","header-above-stick-meta":"","header-main-stick-meta":"","header-below-stick-meta":"","astra-migrate-meta-layouts":"default","ast-page-background-enabled":"default","ast-page-background-meta":{"desktop":{"background-color":"var(--ast-global-color-4)","background-image":"","background-repeat":"repeat","background-position":"center center","background-size":"auto","background-attachment":"scroll","background-type":"","background-media":"","overlay-type":"","overlay-color":"","overlay-opacity":"","overlay-gradient":""},"tablet":{"background-color":"","background-image":"","background-repeat":"repeat","background-position":"center center","background-size":"auto","background-attachment":"scroll","background-type":"","background-media":"","overlay-type":"","overlay-color":"","overlay-opacity":"","overlay-gradient":""},"mobile":{"background-color":"","background-image":"","background-repeat":"repeat","background-position":"center center","background-size":"auto","background-attachment":"scroll","background-type":"","background-media":"","overlay-type":"","overlay-color":"","overlay-opacity":"","overlay-gradient":""}},"ast-content-background-meta":{"desktop":{"background-color":"var(--ast-global-color-5)","background-image":"","background-repeat":"repeat","background-position":"center center","background-size":"auto","background-attachment":"scroll","background-type":"","background-media":"","overlay-type":"","overlay-color":"","overlay-opacity":"","overlay-gradient":""},"tablet":{"background-color":"var(--ast-global-color-5)","background-image":"","background-repeat":"repeat","background-position":"center center","background-size":"auto","background-attachment":"scroll","background-type":"","background-media":"","overlay-type":"","overlay-color":"","overlay-opacity":"","overlay-gradient":""},"mobile":{"background-color":"var(--ast-global-color-5)","background-image":"","background-repeat":"repeat","background-position":"center center","background-size":"auto","background-attachment":"scroll","background-type":"","background-media":"","overlay-type":"","overlay-color":"","overlay-opacity":"","overlay-gradient":""}}},"product_brand":[],"product_cat":[59,64],"product_tag":[22],"class_list":{"0":"post-708","1":"product","2":"type-product","3":"status-publish","4":"has-post-thumbnail","6":"product_cat-orhangen","7":"product_cat-orhangen-akta-silver-och-parlor","8":"product_tag-silver","9":"desktop-align-left","10":"tablet-align-left","11":"mobile-align-left","12":"ast-product-gallery-layout-horizontal-slider","13":"ast-product-gallery-with-no-image","14":"ast-product-tabs-layout-horizontal","16":"first","17":"instock","18":"taxable","19":"shipping-taxable","20":"purchasable","21":"product-type-simple"},"exclude_global_add_ons":[],"addons":[],"_links":{"self":[{"href":"https:\/\/dagochnatt.shop\/0760232700\/wp-json\/wp\/v2\/product\/708","targetHints":{"allow":["GET"]}}],"collection":[{"href":"https:\/\/dagochnatt.shop\/0760232700\/wp-json\/wp\/v2\/product"}],"about":[{"href":"https:\/\/dagochnatt.shop\/0760232700\/wp-json\/wp\/v2\/types\/product"}],"wp:featuredmedia":[{"embeddable":true,"href":"https:\/\/dagochnatt.shop\/0760232700\/wp-json\/wp\/v2\/media\/707"}],"wp:attachment":[{"href":"https:\/\/dagochnatt.shop\/0760232700\/wp-json\/wp\/v2\/media?parent=708"}],"wp:term":[{"taxonomy":"product_brand","embeddable":true,"href":"https:\/\/dagochnatt.shop\/0760232700\/wp-json\/wp\/v2\/product_brand?post=708"},{"taxonomy":"product_cat","embeddable":true,"href":"https:\/\/dagochnatt.shop\/0760232700\/wp-json\/wp\/v2\/product_cat?post=708"},{"taxonomy":"product_tag","embeddable":true,"href":"https:\/\/dagochnatt.shop\/0760232700\/wp-json\/wp\/v2\/product_tag?post=708"}],"curies":[{"name":"wp","href":"https:\/\/api.w.org\/{rel}","templated":true}]}}