{"id":339,"date":"2022-08-25T15:03:17","date_gmt":"2022-08-25T13:03:17","guid":{"rendered":"https:\/\/dagochnatt.shop\/0760232700\/produkt\/daggdroppe-liten-gron-kristall\/"},"modified":"2022-08-25T15:03:17","modified_gmt":"2022-08-25T13:03:17","slug":"daggdroppe-liten-gron-kristall","status":"publish","type":"product","link":"https:\/\/dagochnatt.shop\/0760232700\/produkt\/daggdroppe-liten-gron-kristall\/","title":{"rendered":"Daggdroppe, liten, gr\u00f6n kristall"},"content":{"rendered":"<p>Litet h\u00e4nge med droppe och gr\u00f6n kristall<\/p>\n","protected":false},"excerpt":{"rendered":"<p>S\u00f6tt litet h\u00e4nge med pigg gr\u00f6n kristalldroppe som glimmar fint i \u00f6rh\u00e4nget eller halsbandet.<br \/>\nP\u00e5 exempelbilden har vi kombinerat detta h\u00e4nge med v\u00e5ra <a href=\"https:\/\/dagochnatt.se\/produkt\/orhangen-for-hangen\/\" target=\"_blank\" rel=\"noopener\">\u00f6rh\u00e4ngen i st\u00e5l f\u00f6r h\u00e4ngen<\/a>. De har en liten \u00f6gla under st\u00e5lp\u00e4rlan s\u00e5 du kan variera dina \u00f6rh\u00e4ngen genom att byta h\u00e4nge.<\/p>\n","protected":false},"featured_media":338,"template":"","meta":{"site-sidebar-layout":"default","site-content-layout":"","ast-site-content-layout":"default","site-content-style":"default","site-sidebar-style":"default","ast-global-header-display":"","ast-banner-title-visibility":"","ast-main-header-display":"","ast-hfb-above-header-display":"","ast-hfb-below-header-display":"","ast-hfb-mobile-header-display":"","site-post-title":"","ast-breadcrumbs-content":"","ast-featured-img":"","footer-sml-layout":"","ast-disable-related-posts":"","theme-transparent-header-meta":"","adv-header-id-meta":"","stick-header-meta":"","header-above-stick-meta":"","header-main-stick-meta":"","header-below-stick-meta":"","astra-migrate-meta-layouts":"default","ast-page-background-enabled":"default","ast-page-background-meta":{"desktop":{"background-color":"var(--ast-global-color-4)","background-image":"","background-repeat":"repeat","background-position":"center center","background-size":"auto","background-attachment":"scroll","background-type":"","background-media":"","overlay-type":"","overlay-color":"","overlay-opacity":"","overlay-gradient":""},"tablet":{"background-color":"","background-image":"","background-repeat":"repeat","background-position":"center center","background-size":"auto","background-attachment":"scroll","background-type":"","background-media":"","overlay-type":"","overlay-color":"","overlay-opacity":"","overlay-gradient":""},"mobile":{"background-color":"","background-image":"","background-repeat":"repeat","background-position":"center center","background-size":"auto","background-attachment":"scroll","background-type":"","background-media":"","overlay-type":"","overlay-color":"","overlay-opacity":"","overlay-gradient":""}},"ast-content-background-meta":{"desktop":{"background-color":"var(--ast-global-color-5)","background-image":"","background-repeat":"repeat","background-position":"center center","background-size":"auto","background-attachment":"scroll","background-type":"","background-media":"","overlay-type":"","overlay-color":"","overlay-opacity":"","overlay-gradient":""},"tablet":{"background-color":"var(--ast-global-color-5)","background-image":"","background-repeat":"repeat","background-position":"center center","background-size":"auto","background-attachment":"scroll","background-type":"","background-media":"","overlay-type":"","overlay-color":"","overlay-opacity":"","overlay-gradient":""},"mobile":{"background-color":"var(--ast-global-color-5)","background-image":"","background-repeat":"repeat","background-position":"center center","background-size":"auto","background-attachment":"scroll","background-type":"","background-media":"","overlay-type":"","overlay-color":"","overlay-opacity":"","overlay-gradient":""}}},"product_brand":[],"product_cat":[51,46],"product_tag":[17],"class_list":{"0":"post-339","1":"product","2":"type-product","3":"status-publish","4":"has-post-thumbnail","6":"product_cat-berlocker-farg","7":"product_cat-hangen-berlocker","8":"product_tag-farg","9":"desktop-align-left","10":"tablet-align-left","11":"mobile-align-left","12":"ast-product-gallery-layout-horizontal-slider","13":"ast-product-gallery-with-no-image","14":"ast-product-tabs-layout-horizontal","16":"first","17":"instock","18":"taxable","19":"shipping-taxable","20":"purchasable","21":"product-type-simple"},"exclude_global_add_ons":[],"addons":[],"_links":{"self":[{"href":"https:\/\/dagochnatt.shop\/0760232700\/wp-json\/wp\/v2\/product\/339","targetHints":{"allow":["GET"]}}],"collection":[{"href":"https:\/\/dagochnatt.shop\/0760232700\/wp-json\/wp\/v2\/product"}],"about":[{"href":"https:\/\/dagochnatt.shop\/0760232700\/wp-json\/wp\/v2\/types\/product"}],"wp:featuredmedia":[{"embeddable":true,"href":"https:\/\/dagochnatt.shop\/0760232700\/wp-json\/wp\/v2\/media\/338"}],"wp:attachment":[{"href":"https:\/\/dagochnatt.shop\/0760232700\/wp-json\/wp\/v2\/media?parent=339"}],"wp:term":[{"taxonomy":"product_brand","embeddable":true,"href":"https:\/\/dagochnatt.shop\/0760232700\/wp-json\/wp\/v2\/product_brand?post=339"},{"taxonomy":"product_cat","embeddable":true,"href":"https:\/\/dagochnatt.shop\/0760232700\/wp-json\/wp\/v2\/product_cat?post=339"},{"taxonomy":"product_tag","embeddable":true,"href":"https:\/\/dagochnatt.shop\/0760232700\/wp-json\/wp\/v2\/product_tag?post=339"}],"curies":[{"name":"wp","href":"https:\/\/api.w.org\/{rel}","templated":true}]}}