{"id":33,"date":"2022-08-31T12:52:04","date_gmt":"2022-08-31T10:52:04","guid":{"rendered":"https:\/\/dagochnatt.shop\/0760232700\/produkt\/stiftorhangen-guldplaterat-stal-med-parla\/"},"modified":"2022-09-16T11:27:51","modified_gmt":"2022-09-16T09:27:51","slug":"stiftorhangen-guldplaterat-stal-med-parla","status":"publish","type":"product","link":"https:\/\/dagochnatt.shop\/0760232700\/produkt\/stiftorhangen-guldplaterat-stal-med-parla\/","title":{"rendered":"Stift\u00f6rh\u00e4ngen, guldpl\u00e4terat st\u00e5l med p\u00e4rla"},"content":{"rendered":"<p>S\u00f6ta \u00f6rh\u00e4ngen med en p\u00e4rla. Stiftet \u00e4r av rostfritt st\u00e5l med guldpl\u00e4tering.<\/p>\n<p>Finns i sex olika storlekar f\u00f6r att passa till olika \u00f6ron!<\/p>\n","protected":false},"excerpt":{"rendered":"<p>Stift\u00f6rh\u00e4nge av guldpl\u00e4terat st\u00e5l med en p\u00e4rla.<\/p>\n","protected":false},"featured_media":25,"template":"","meta":{"site-sidebar-layout":"default","site-content-layout":"","ast-site-content-layout":"default","site-content-style":"default","site-sidebar-style":"default","ast-global-header-display":"","ast-banner-title-visibility":"","ast-main-header-display":"","ast-hfb-above-header-display":"","ast-hfb-below-header-display":"","ast-hfb-mobile-header-display":"","site-post-title":"","ast-breadcrumbs-content":"","ast-featured-img":"","footer-sml-layout":"","ast-disable-related-posts":"","theme-transparent-header-meta":"","adv-header-id-meta":"","stick-header-meta":"","header-above-stick-meta":"","header-main-stick-meta":"","header-below-stick-meta":"","astra-migrate-meta-layouts":"default","ast-page-background-enabled":"default","ast-page-background-meta":{"desktop":{"background-color":"var(--ast-global-color-4)","background-image":"","background-repeat":"repeat","background-position":"center center","background-size":"auto","background-attachment":"scroll","background-type":"","background-media":"","overlay-type":"","overlay-color":"","overlay-opacity":"","overlay-gradient":""},"tablet":{"background-color":"","background-image":"","background-repeat":"repeat","background-position":"center center","background-size":"auto","background-attachment":"scroll","background-type":"","background-media":"","overlay-type":"","overlay-color":"","overlay-opacity":"","overlay-gradient":""},"mobile":{"background-color":"","background-image":"","background-repeat":"repeat","background-position":"center center","background-size":"auto","background-attachment":"scroll","background-type":"","background-media":"","overlay-type":"","overlay-color":"","overlay-opacity":"","overlay-gradient":""}},"ast-content-background-meta":{"desktop":{"background-color":"var(--ast-global-color-5)","background-image":"","background-repeat":"repeat","background-position":"center center","background-size":"auto","background-attachment":"scroll","background-type":"","background-media":"","overlay-type":"","overlay-color":"","overlay-opacity":"","overlay-gradient":""},"tablet":{"background-color":"var(--ast-global-color-5)","background-image":"","background-repeat":"repeat","background-position":"center center","background-size":"auto","background-attachment":"scroll","background-type":"","background-media":"","overlay-type":"","overlay-color":"","overlay-opacity":"","overlay-gradient":""},"mobile":{"background-color":"var(--ast-global-color-5)","background-image":"","background-repeat":"repeat","background-position":"center center","background-size":"auto","background-attachment":"scroll","background-type":"","background-media":"","overlay-type":"","overlay-color":"","overlay-opacity":"","overlay-gradient":""}}},"product_brand":[],"product_cat":[21,20],"product_tag":[29],"class_list":{"0":"post-33","1":"product","2":"type-product","3":"status-publish","4":"has-post-thumbnail","6":"product_cat-orhangen-stal","7":"product_cat-stal","8":"product_tag-guld","9":"desktop-align-left","10":"tablet-align-left","11":"mobile-align-left","12":"ast-product-gallery-layout-horizontal-slider","13":"ast-product-gallery-with-no-image","14":"ast-product-single-variable","15":"ast-product-tabs-layout-horizontal","17":"first","18":"instock","19":"taxable","20":"shipping-taxable","21":"product-type-variable","22":"has-default-attributes"},"exclude_global_add_ons":[],"addons":[],"_links":{"self":[{"href":"https:\/\/dagochnatt.shop\/0760232700\/wp-json\/wp\/v2\/product\/33","targetHints":{"allow":["GET"]}}],"collection":[{"href":"https:\/\/dagochnatt.shop\/0760232700\/wp-json\/wp\/v2\/product"}],"about":[{"href":"https:\/\/dagochnatt.shop\/0760232700\/wp-json\/wp\/v2\/types\/product"}],"wp:featuredmedia":[{"embeddable":true,"href":"https:\/\/dagochnatt.shop\/0760232700\/wp-json\/wp\/v2\/media\/25"}],"wp:attachment":[{"href":"https:\/\/dagochnatt.shop\/0760232700\/wp-json\/wp\/v2\/media?parent=33"}],"wp:term":[{"taxonomy":"product_brand","embeddable":true,"href":"https:\/\/dagochnatt.shop\/0760232700\/wp-json\/wp\/v2\/product_brand?post=33"},{"taxonomy":"product_cat","embeddable":true,"href":"https:\/\/dagochnatt.shop\/0760232700\/wp-json\/wp\/v2\/product_cat?post=33"},{"taxonomy":"product_tag","embeddable":true,"href":"https:\/\/dagochnatt.shop\/0760232700\/wp-json\/wp\/v2\/product_tag?post=33"}],"curies":[{"name":"wp","href":"https:\/\/api.w.org\/{rel}","templated":true}]}}