{"id":177,"date":"2022-08-31T12:51:34","date_gmt":"2022-08-31T10:51:34","guid":{"rendered":"https:\/\/dagochnatt.shop\/0760232700\/produkt\/silverfargad-lank-med-gra-parlor\/"},"modified":"2022-09-16T11:28:24","modified_gmt":"2022-09-16T09:28:24","slug":"silverfargad-lank-med-gra-parlor","status":"publish","type":"product","link":"https:\/\/dagochnatt.shop\/0760232700\/produkt\/silverfargad-lank-med-gra-parlor\/","title":{"rendered":"Silverf\u00e4rgad l\u00e4nk med gr\u00e5 p\u00e4rlor"},"content":{"rendered":"<p>V\u00e5r nya serie Hailey best\u00e5r av halsband i tv\u00e5 olika l\u00e4ngder, 50 och 105 cm, h\u00e4nge, \u00f6rh\u00e4ngen och armband. Hailey halsband \u00e4r en l\u00e4nk varvad med p\u00e4rlor i olika f\u00e4rger. Det l\u00e4ngsta halsbandet p\u00e5 103 cm har tv\u00e5 karbinhakar s\u00e5 du kan kn\u00e4ppa p\u00e5 olika s\u00e4tt f\u00f6r att skapa olika uttryck med samma halsband, se den illustrerade bilden. Fint att ha f\u00f6r sig sj\u00e4lv, eller tillsammans med ett h\u00e4nge.<\/p>\n<p>\u00a0<\/p>\n","protected":false},"excerpt":{"rendered":"<p>Hailey halsband med silverf\u00e4rgad l\u00e4nk och gr\u00e5 p\u00e4rlor.<\/p>\n<p>V\u00e4lj mellan tv\u00e5 l\u00e4ngder: 50 cm med 5 p\u00e4rlor eller 103 cm med 11 p\u00e4rlor.<\/p>\n","protected":false},"featured_media":138,"template":"","meta":{"site-sidebar-layout":"default","site-content-layout":"","ast-site-content-layout":"default","site-content-style":"default","site-sidebar-style":"default","ast-global-header-display":"","ast-banner-title-visibility":"","ast-main-header-display":"","ast-hfb-above-header-display":"","ast-hfb-below-header-display":"","ast-hfb-mobile-header-display":"","site-post-title":"","ast-breadcrumbs-content":"","ast-featured-img":"","footer-sml-layout":"","ast-disable-related-posts":"","theme-transparent-header-meta":"","adv-header-id-meta":"","stick-header-meta":"","header-above-stick-meta":"","header-main-stick-meta":"","header-below-stick-meta":"","astra-migrate-meta-layouts":"default","ast-page-background-enabled":"default","ast-page-background-meta":{"desktop":{"background-color":"var(--ast-global-color-4)","background-image":"","background-repeat":"repeat","background-position":"center center","background-size":"auto","background-attachment":"scroll","background-type":"","background-media":"","overlay-type":"","overlay-color":"","overlay-opacity":"","overlay-gradient":""},"tablet":{"background-color":"","background-image":"","background-repeat":"repeat","background-position":"center center","background-size":"auto","background-attachment":"scroll","background-type":"","background-media":"","overlay-type":"","overlay-color":"","overlay-opacity":"","overlay-gradient":""},"mobile":{"background-color":"","background-image":"","background-repeat":"repeat","background-position":"center center","background-size":"auto","background-attachment":"scroll","background-type":"","background-media":"","overlay-type":"","overlay-color":"","overlay-opacity":"","overlay-gradient":""}},"ast-content-background-meta":{"desktop":{"background-color":"var(--ast-global-color-5)","background-image":"","background-repeat":"repeat","background-position":"center center","background-size":"auto","background-attachment":"scroll","background-type":"","background-media":"","overlay-type":"","overlay-color":"","overlay-opacity":"","overlay-gradient":""},"tablet":{"background-color":"var(--ast-global-color-5)","background-image":"","background-repeat":"repeat","background-position":"center center","background-size":"auto","background-attachment":"scroll","background-type":"","background-media":"","overlay-type":"","overlay-color":"","overlay-opacity":"","overlay-gradient":""},"mobile":{"background-color":"var(--ast-global-color-5)","background-image":"","background-repeat":"repeat","background-position":"center center","background-size":"auto","background-attachment":"scroll","background-type":"","background-media":"","overlay-type":"","overlay-color":"","overlay-opacity":"","overlay-gradient":""}}},"product_brand":[],"product_cat":[35,34],"product_tag":[17],"class_list":{"0":"post-177","1":"product","2":"type-product","3":"status-publish","4":"has-post-thumbnail","6":"product_cat-halsband-farg","7":"product_cat-halssmycken","8":"product_tag-farg","9":"desktop-align-left","10":"tablet-align-left","11":"mobile-align-left","12":"ast-product-gallery-layout-horizontal-slider","13":"ast-product-single-variable","14":"ast-product-tabs-layout-horizontal","16":"first","17":"instock","18":"taxable","19":"shipping-taxable","20":"product-type-variable","21":"has-default-attributes"},"exclude_global_add_ons":[],"addons":[],"_links":{"self":[{"href":"https:\/\/dagochnatt.shop\/0760232700\/wp-json\/wp\/v2\/product\/177","targetHints":{"allow":["GET"]}}],"collection":[{"href":"https:\/\/dagochnatt.shop\/0760232700\/wp-json\/wp\/v2\/product"}],"about":[{"href":"https:\/\/dagochnatt.shop\/0760232700\/wp-json\/wp\/v2\/types\/product"}],"wp:featuredmedia":[{"embeddable":true,"href":"https:\/\/dagochnatt.shop\/0760232700\/wp-json\/wp\/v2\/media\/138"}],"wp:attachment":[{"href":"https:\/\/dagochnatt.shop\/0760232700\/wp-json\/wp\/v2\/media?parent=177"}],"wp:term":[{"taxonomy":"product_brand","embeddable":true,"href":"https:\/\/dagochnatt.shop\/0760232700\/wp-json\/wp\/v2\/product_brand?post=177"},{"taxonomy":"product_cat","embeddable":true,"href":"https:\/\/dagochnatt.shop\/0760232700\/wp-json\/wp\/v2\/product_cat?post=177"},{"taxonomy":"product_tag","embeddable":true,"href":"https:\/\/dagochnatt.shop\/0760232700\/wp-json\/wp\/v2\/product_tag?post=177"}],"curies":[{"name":"wp","href":"https:\/\/api.w.org\/{rel}","templated":true}]}}